{"id":2222,"date":"2021-03-25T13:58:04","date_gmt":"2021-03-25T12:58:04","guid":{"rendered":"https:\/\/polymaris.com\/politique-de-confidentialite\/"},"modified":"2021-06-09T17:14:31","modified_gmt":"2021-06-09T15:14:31","slug":"privacy-policy","status":"publish","type":"page","link":"https:\/\/polymaris.com\/en\/privacy-policy\/","title":{"rendered":"Privacy policy"},"content":{"rendered":"\t\t<div data-elementor-type=\"wp-page\" data-elementor-id=\"2222\" class=\"elementor elementor-2222\" data-elementor-post-type=\"page\">\n\t\t\t\t\t\t<section class=\"elementor-section elementor-top-section elementor-element elementor-element-943246a elementor-section-boxed elementor-section-height-default elementor-section-height-default\" data-id=\"943246a\" data-element_type=\"section\" data-e-type=\"section\">\n\t\t\t\t\t\t<div class=\"elementor-container elementor-column-gap-default\">\n\t\t\t\t\t<div class=\"elementor-column elementor-col-100 elementor-top-column elementor-element elementor-element-4b0c147e\" data-id=\"4b0c147e\" data-element_type=\"column\" data-e-type=\"column\">\n\t\t\t<div class=\"elementor-widget-wrap elementor-element-populated\">\n\t\t\t\t\t\t<div class=\"elementor-element elementor-element-3c961acb elementor-widget elementor-widget-text-editor\" data-id=\"3c961acb\" data-element_type=\"widget\" data-e-type=\"widget\" data-widget_type=\"text-editor.default\">\n\t\t\t\t<div class=\"elementor-widget-container\">\n\t\t\t\t\t\t\t\t\t<p>Dans le cadre de son activit\u00e9, <strong>Polymaris<\/strong>, via son site internet https:\/\/polymaris.com, est amen\u00e9 \u00e0 collecter et \u00e0 traiter des informations dont certaines sont qualifi\u00e9es de \u00ab donn\u00e9es personnelles \u00bb. Une grande importance est attach\u00e9e au respect de la vie priv\u00e9e, avec une utilisation des donn\u00e9es uniquement de mani\u00e8re responsable et confidentielle, et dans une finalit\u00e9 pr\u00e9cise.<\/p><h3>Donn\u00e9es personnelles<\/h3><p>Sur le site web https:\/\/polymaris.com, 2 types de donn\u00e9es sont susceptibles d\u2019\u00eatre recueillies :<\/p><p><strong>Donn\u00e9es transmises directement<\/strong><br \/>Ces donn\u00e9es sont celles que vous transmettez directement, via un formulaire de contact ou bien par contact direct par e-mail. Sont obligatoires dans le formulaire de contact les champs \u00ab nom \u00bb, \u00ab pr\u00e9nom \u00bb et \u00ab e-mail \u00bb.<\/p><p><strong>Les donn\u00e9es collect\u00e9es automatiquement<\/strong><br \/>Lors de vos visites, une fois votre consentement donn\u00e9, des informations de type \u00ab web analytics \u00bb sont recueillies, relatives \u00e0 votre navigation : la dur\u00e9e de votre consultation, votre adresse IP, le type et la version de votre navigateur, etc. La technologie utilis\u00e9e est le cookie.<\/p><h3>Utilisation des donn\u00e9es<\/h3><p>Les donn\u00e9es que vous transmettez directement sont utilis\u00e9es dans le but de vous re-contacter et\/ou dans le cadre de la demande que vous faites. Les donn\u00e9es \u00ab web analytics \u00bb sont collect\u00e9es sous forme anonyme (en enregistrant des adresses IP anonymes) par Google Analytics, et permettent de mesurer l\u2019audience du site web, les consultations et les \u00e9ventuelles erreurs afin d\u2019am\u00e9liorer constamment l\u2019exp\u00e9rience des utilisateurs. Ces donn\u00e9es sont utilis\u00e9es par Polymaris, responsable du traitement des donn\u00e9es, et ne seront jamais c\u00e9d\u00e9es \u00e0 un tiers ni utilis\u00e9es \u00e0 d\u2019autres fins que celles d\u00e9taill\u00e9es ci-dessus.<\/p><p>Base l\u00e9gale<br \/>Les donn\u00e9es personnelles ne sont collect\u00e9es qu\u2019apr\u00e8s consentement obligatoire de l\u2019utilisateur. Ce consentement est valablement recueilli (boutons et cases \u00e0 cocher), libre, clair et sans \u00e9quivoque.<\/p><h3>Dur\u00e9e de conservation<\/h3><p>Les donn\u00e9es seront sauvegard\u00e9es durant une dur\u00e9e maximale de 3 ans.<\/p><h3>Contenu embarqu\u00e9 depuis un autre site<\/h3><p>Les articles et pages de ce site peuvent inclure des contenus int\u00e9gr\u00e9s (par exemple des vid\u00e9os, images, articles\u2026). Le contenu int\u00e9gr\u00e9 depuis d\u2019autres sites se comporte de la m\u00eame mani\u00e8re que si le visiteur se rendait sur cet autre site.<\/p><p>Ces sites web pourraient collecter des donn\u00e9es sur vous, utiliser des cookies, embarquer des outils de suivis tiers, suivre vos interactions avec ces contenus embarqu\u00e9s si vous disposez d\u2019un compte connect\u00e9 sur leur site web.<\/p><h2>Cookies<\/h2><p>Voici la liste des cookies utilis\u00e9es et leur objectif :<\/p><p><strong>Cookies Google Analytics<\/strong> (liste exhaustive) : Web analytics<br \/><strong>Cookie Polymaris<\/strong> : Permet de garder en m\u00e9moire le fait que vous acceptez les cookies afin de ne plus vous importuner lors de votre prochaine visite.<\/p><h3>Vos droits concernant les donn\u00e9es personnelles<\/h3><p>Vous avez le droit de consultation, de demande de modification ou d\u2019effacement sur l\u2019ensemble de vos donn\u00e9es personnelles. Vous pouvez \u00e9galement retirer votre consentement au traitement de vos donn\u00e9es. Pour toute demande, vous pouvez nous \u00e9crire \u00e0 l&#8217;adresse suivante : <a href=\"mailto:contact@polymaris.com\">contact@polymaris.com<\/a><\/p>\t\t\t\t\t\t\t\t<\/div>\n\t\t\t\t<\/div>\n\t\t\t\t\t<\/div>\n\t\t<\/div>\n\t\t\t\t\t<\/div>\n\t\t<\/section>\n\t\t\t\t<\/div>\n\t\t","protected":false},"excerpt":{"rendered":"<p>Dans le cadre de son activit\u00e9, Polymaris, via son site internet https:\/\/polymaris.com, est amen\u00e9 \u00e0 collecter et \u00e0 traiter des informations dont certaines sont qualifi\u00e9es de \u00ab donn\u00e9es personnelles \u00bb. Une grande importance est attach\u00e9e au respect de la vie priv\u00e9e, avec une utilisation des donn\u00e9es uniquement de mani\u00e8re responsable et confidentielle, et dans une [&hellip;]<\/p>\n","protected":false},"author":1,"featured_media":0,"parent":0,"menu_order":0,"comment_status":"closed","ping_status":"closed","template":"","meta":{"_monsterinsights_skip_tracking":false,"_monsterinsights_sitenote_active":false,"_monsterinsights_sitenote_note":"","_monsterinsights_sitenote_category":0,"site-sidebar-layout":"no-sidebar","site-content-layout":"content-boxed-container","ast-site-content-layout":"default","site-content-style":"default","site-sidebar-style":"default","ast-global-header-display":"","ast-banner-title-visibility":"","ast-main-header-display":"","ast-hfb-above-header-display":"","ast-hfb-below-header-display":"","ast-hfb-mobile-header-display":"","site-post-title":"disabled","ast-breadcrumbs-content":"","ast-featured-img":"disabled","footer-sml-layout":"","ast-disable-related-posts":"","theme-transparent-header-meta":"default","adv-header-id-meta":"","stick-header-meta":"","header-above-stick-meta":"","header-main-stick-meta":"","header-below-stick-meta":"","astra-migrate-meta-layouts":"default","ast-page-background-enabled":"default","ast-page-background-meta":{"desktop":{"background-color":"","background-image":"","background-repeat":"repeat","background-position":"center center","background-size":"auto","background-attachment":"scroll","background-type":"","background-media":"","overlay-type":"","overlay-color":"","overlay-opacity":"","overlay-gradient":""},"tablet":{"background-color":"","background-image":"","background-repeat":"repeat","background-position":"center center","background-size":"auto","background-attachment":"scroll","background-type":"","background-media":"","overlay-type":"","overlay-color":"","overlay-opacity":"","overlay-gradient":""},"mobile":{"background-color":"","background-image":"","background-repeat":"repeat","background-position":"center center","background-size":"auto","background-attachment":"scroll","background-type":"","background-media":"","overlay-type":"","overlay-color":"","overlay-opacity":"","overlay-gradient":""}},"ast-content-background-meta":{"desktop":{"background-color":"var(--ast-global-color-5)","background-image":"","background-repeat":"repeat","background-position":"center center","background-size":"auto","background-attachment":"scroll","background-type":"","background-media":"","overlay-type":"","overlay-color":"","overlay-opacity":"","overlay-gradient":""},"tablet":{"background-color":"var(--ast-global-color-5)","background-image":"","background-repeat":"repeat","background-position":"center center","background-size":"auto","background-attachment":"scroll","background-type":"","background-media":"","overlay-type":"","overlay-color":"","overlay-opacity":"","overlay-gradient":""},"mobile":{"background-color":"var(--ast-global-color-5)","background-image":"","background-repeat":"repeat","background-position":"center center","background-size":"auto","background-attachment":"scroll","background-type":"","background-media":"","overlay-type":"","overlay-color":"","overlay-opacity":"","overlay-gradient":""}},"footnotes":""},"class_list":["post-2222","page","type-page","status-publish","hentry"],"yoast_head":"<!-- This site is optimized with the Yoast SEO plugin v27.4 - https:\/\/yoast.com\/product\/yoast-seo-wordpress\/ -->\n<title>Privacy policy - Polymaris<\/title>\n<meta name=\"robots\" content=\"index, follow, max-snippet:-1, max-image-preview:large, max-video-preview:-1\" \/>\n<link rel=\"canonical\" href=\"https:\/\/polymaris.com\/en\/privacy-policy\/\" \/>\n<meta property=\"og:locale\" content=\"en_US\" \/>\n<meta property=\"og:type\" content=\"article\" \/>\n<meta property=\"og:title\" content=\"Privacy policy - Polymaris\" \/>\n<meta property=\"og:description\" content=\"Dans le cadre de son activit\u00e9, Polymaris, via son site internet https:\/\/polymaris.com, est amen\u00e9 \u00e0 collecter et \u00e0 traiter des informations dont certaines sont qualifi\u00e9es de \u00ab donn\u00e9es personnelles \u00bb. Une grande importance est attach\u00e9e au respect de la vie priv\u00e9e, avec une utilisation des donn\u00e9es uniquement de mani\u00e8re responsable et confidentielle, et dans une [&hellip;]\" \/>\n<meta property=\"og:url\" content=\"https:\/\/polymaris.com\/en\/privacy-policy\/\" \/>\n<meta property=\"og:site_name\" content=\"Polymaris\" \/>\n<meta property=\"article:modified_time\" content=\"2021-06-09T15:14:31+00:00\" \/>\n<meta name=\"twitter:card\" content=\"summary_large_image\" \/>\n<meta name=\"twitter:label1\" content=\"Est. reading time\" \/>\n\t<meta name=\"twitter:data1\" content=\"3 minutes\" \/>\n<script type=\"application\/ld+json\" class=\"yoast-schema-graph\">{\"@context\":\"https:\\\/\\\/schema.org\",\"@graph\":[{\"@type\":\"WebPage\",\"@id\":\"https:\\\/\\\/polymaris.com\\\/en\\\/privacy-policy\\\/\",\"url\":\"https:\\\/\\\/polymaris.com\\\/en\\\/privacy-policy\\\/\",\"name\":\"Privacy policy - Polymaris\",\"isPartOf\":{\"@id\":\"https:\\\/\\\/polymaris.com\\\/en\\\/#website\"},\"datePublished\":\"2021-03-25T12:58:04+00:00\",\"dateModified\":\"2021-06-09T15:14:31+00:00\",\"breadcrumb\":{\"@id\":\"https:\\\/\\\/polymaris.com\\\/en\\\/privacy-policy\\\/#breadcrumb\"},\"inLanguage\":\"en-US\",\"potentialAction\":[{\"@type\":\"ReadAction\",\"target\":[\"https:\\\/\\\/polymaris.com\\\/en\\\/privacy-policy\\\/\"]}]},{\"@type\":\"BreadcrumbList\",\"@id\":\"https:\\\/\\\/polymaris.com\\\/en\\\/privacy-policy\\\/#breadcrumb\",\"itemListElement\":[{\"@type\":\"ListItem\",\"position\":1,\"name\":\"Accueil\",\"item\":\"https:\\\/\\\/polymaris.com\\\/en\\\/\"},{\"@type\":\"ListItem\",\"position\":2,\"name\":\"Privacy policy\"}]},{\"@type\":\"WebSite\",\"@id\":\"https:\\\/\\\/polymaris.com\\\/en\\\/#website\",\"url\":\"https:\\\/\\\/polymaris.com\\\/en\\\/\",\"name\":\"Polymaris\",\"description\":\"L&#039;\u00e9mergence de nouvelles solutions, biotechnologies marines\",\"publisher\":{\"@id\":\"https:\\\/\\\/polymaris.com\\\/en\\\/#organization\"},\"potentialAction\":[{\"@type\":\"SearchAction\",\"target\":{\"@type\":\"EntryPoint\",\"urlTemplate\":\"https:\\\/\\\/polymaris.com\\\/en\\\/?s={search_term_string}\"},\"query-input\":{\"@type\":\"PropertyValueSpecification\",\"valueRequired\":true,\"valueName\":\"search_term_string\"}}],\"inLanguage\":\"en-US\"},{\"@type\":\"Organization\",\"@id\":\"https:\\\/\\\/polymaris.com\\\/en\\\/#organization\",\"name\":\"Polymaris\",\"url\":\"https:\\\/\\\/polymaris.com\\\/en\\\/\",\"logo\":{\"@type\":\"ImageObject\",\"inLanguage\":\"en-US\",\"@id\":\"https:\\\/\\\/polymaris.com\\\/en\\\/#\\\/schema\\\/logo\\\/image\\\/\",\"url\":\"https:\\\/\\\/polymaris.com\\\/wp-content\\\/uploads\\\/2020\\\/11\\\/logo-polymaris.png\",\"contentUrl\":\"https:\\\/\\\/polymaris.com\\\/wp-content\\\/uploads\\\/2020\\\/11\\\/logo-polymaris.png\",\"width\":220,\"height\":101,\"caption\":\"Polymaris\"},\"image\":{\"@id\":\"https:\\\/\\\/polymaris.com\\\/en\\\/#\\\/schema\\\/logo\\\/image\\\/\"}}]}<\/script>\n<!-- \/ Yoast SEO plugin. -->","yoast_head_json":{"title":"Privacy policy - Polymaris","robots":{"index":"index","follow":"follow","max-snippet":"max-snippet:-1","max-image-preview":"max-image-preview:large","max-video-preview":"max-video-preview:-1"},"canonical":"https:\/\/polymaris.com\/en\/privacy-policy\/","og_locale":"en_US","og_type":"article","og_title":"Privacy policy - Polymaris","og_description":"Dans le cadre de son activit\u00e9, Polymaris, via son site internet https:\/\/polymaris.com, est amen\u00e9 \u00e0 collecter et \u00e0 traiter des informations dont certaines sont qualifi\u00e9es de \u00ab donn\u00e9es personnelles \u00bb. Une grande importance est attach\u00e9e au respect de la vie priv\u00e9e, avec une utilisation des donn\u00e9es uniquement de mani\u00e8re responsable et confidentielle, et dans une [&hellip;]","og_url":"https:\/\/polymaris.com\/en\/privacy-policy\/","og_site_name":"Polymaris","article_modified_time":"2021-06-09T15:14:31+00:00","twitter_card":"summary_large_image","twitter_misc":{"Est. reading time":"3 minutes"},"schema":{"@context":"https:\/\/schema.org","@graph":[{"@type":"WebPage","@id":"https:\/\/polymaris.com\/en\/privacy-policy\/","url":"https:\/\/polymaris.com\/en\/privacy-policy\/","name":"Privacy policy - Polymaris","isPartOf":{"@id":"https:\/\/polymaris.com\/en\/#website"},"datePublished":"2021-03-25T12:58:04+00:00","dateModified":"2021-06-09T15:14:31+00:00","breadcrumb":{"@id":"https:\/\/polymaris.com\/en\/privacy-policy\/#breadcrumb"},"inLanguage":"en-US","potentialAction":[{"@type":"ReadAction","target":["https:\/\/polymaris.com\/en\/privacy-policy\/"]}]},{"@type":"BreadcrumbList","@id":"https:\/\/polymaris.com\/en\/privacy-policy\/#breadcrumb","itemListElement":[{"@type":"ListItem","position":1,"name":"Accueil","item":"https:\/\/polymaris.com\/en\/"},{"@type":"ListItem","position":2,"name":"Privacy policy"}]},{"@type":"WebSite","@id":"https:\/\/polymaris.com\/en\/#website","url":"https:\/\/polymaris.com\/en\/","name":"Polymaris","description":"L&#039;\u00e9mergence de nouvelles solutions, biotechnologies marines","publisher":{"@id":"https:\/\/polymaris.com\/en\/#organization"},"potentialAction":[{"@type":"SearchAction","target":{"@type":"EntryPoint","urlTemplate":"https:\/\/polymaris.com\/en\/?s={search_term_string}"},"query-input":{"@type":"PropertyValueSpecification","valueRequired":true,"valueName":"search_term_string"}}],"inLanguage":"en-US"},{"@type":"Organization","@id":"https:\/\/polymaris.com\/en\/#organization","name":"Polymaris","url":"https:\/\/polymaris.com\/en\/","logo":{"@type":"ImageObject","inLanguage":"en-US","@id":"https:\/\/polymaris.com\/en\/#\/schema\/logo\/image\/","url":"https:\/\/polymaris.com\/wp-content\/uploads\/2020\/11\/logo-polymaris.png","contentUrl":"https:\/\/polymaris.com\/wp-content\/uploads\/2020\/11\/logo-polymaris.png","width":220,"height":101,"caption":"Polymaris"},"image":{"@id":"https:\/\/polymaris.com\/en\/#\/schema\/logo\/image\/"}}]}},"_links":{"self":[{"href":"https:\/\/polymaris.com\/en\/wp-json\/wp\/v2\/pages\/2222","targetHints":{"allow":["GET"]}}],"collection":[{"href":"https:\/\/polymaris.com\/en\/wp-json\/wp\/v2\/pages"}],"about":[{"href":"https:\/\/polymaris.com\/en\/wp-json\/wp\/v2\/types\/page"}],"author":[{"embeddable":true,"href":"https:\/\/polymaris.com\/en\/wp-json\/wp\/v2\/users\/1"}],"replies":[{"embeddable":true,"href":"https:\/\/polymaris.com\/en\/wp-json\/wp\/v2\/comments?post=2222"}],"version-history":[{"count":1,"href":"https:\/\/polymaris.com\/en\/wp-json\/wp\/v2\/pages\/2222\/revisions"}],"predecessor-version":[{"id":2224,"href":"https:\/\/polymaris.com\/en\/wp-json\/wp\/v2\/pages\/2222\/revisions\/2224"}],"wp:attachment":[{"href":"https:\/\/polymaris.com\/en\/wp-json\/wp\/v2\/media?parent=2222"}],"curies":[{"name":"wp","href":"https:\/\/api.w.org\/{rel}","templated":true}]}}